{"id":1128,"date":"2026-02-01T11:46:05","date_gmt":"2026-02-01T10:46:05","guid":{"rendered":"https:\/\/lunoragourmet.hu\/?page_id=1128"},"modified":"2026-02-02T21:19:33","modified_gmt":"2026-02-02T20:19:33","slug":"kave","status":"publish","type":"page","link":"https:\/\/lunoragourmet.hu\/en\/kave\/","title":{"rendered":"Coffee"},"content":{"rendered":"<div data-elementor-type=\"wp-page\" data-elementor-id=\"1128\" class=\"elementor elementor-1128\" data-elementor-post-type=\"page\">\n\t\t\t\t<div class=\"elementor-element elementor-element-8af49b6 animated-slow e-flex e-con-boxed elementor-invisible e-con e-parent\" data-id=\"8af49b6\" data-element_type=\"container\" data-settings=\"{&quot;animation&quot;:&quot;fadeIn&quot;,&quot;animation_delay&quot;:2}\">\n\t\t\t\t\t<div class=\"e-con-inner\">\n\t\t\t\t<div class=\"elementor-element elementor-element-4760401 elementor-widget elementor-widget-heading\" data-id=\"4760401\" data-element_type=\"widget\" data-widget_type=\"heading.default\">\n\t\t\t\t\t<h1 class=\"elementor-heading-title elementor-size-default\">LUNORA NOIR -\nPremium Coffee Blend<\/h1>\t\t\t\t<\/div>\n\t\t\t\t\t<\/div>\n\t\t\t\t<\/div>\n\t\t<div class=\"elementor-element elementor-element-a21e87a e-con-full animated-slow e-flex elementor-invisible e-con e-parent\" data-id=\"a21e87a\" data-element_type=\"container\" data-settings=\"{&quot;animation&quot;:&quot;fadeIn&quot;,&quot;animation_delay&quot;:2}\">\n\t\t\t\t<div class=\"elementor-element elementor-element-752f56d elementor-widget-tablet__width-initial elementor-widget__width-initial elementor-widget elementor-widget-text-editor\" data-id=\"752f56d\" data-element_type=\"widget\" data-widget_type=\"text-editor.default\">\n\t\t\t\t\t\t\t\t\t<p data-start=\"138\" data-end=\"396\">LUNORA NOIR is a balanced, full-character coffee blend created for those who seek a classic, rich flavor profile without compromise.<\/p><p>The blend is built on 80% Brazilian Arabica, which contributes natural chocolate and hazelnut notes along with a silky body to the coffee\u2019s character. This is complemented by 20% Ugandan Robusta, providing depth, strength, and a stable crema - especially well suited for espresso and automatic coffee machines.<\/p><p data-start=\"138\" data-end=\"396\">The coffee is roasted to a French medium level, highlighting the harmony of flavors while preserving the coffee\u2019s natural sweetness and long-lasting finish. The result is a confident, well-structured coffee that performs beautifully in any setting.<\/p><div style=\"font-size: 1.35em; font-weight: bold; margin: 10px 0;\"><p>4.190 HUF<\/p><\/div><p>Package quantity: 250 g<\/p>\t\t\t\t\t\t\t\t<\/div>\n\t\t\t\t<\/div>\n\t\t<div class=\"elementor-element elementor-element-1e1c24d animated-slow e-flex e-con-boxed elementor-invisible e-con e-parent\" data-id=\"1e1c24d\" data-element_type=\"container\" data-settings=\"{&quot;animation&quot;:&quot;fadeIn&quot;,&quot;animation_delay&quot;:2}\">\n\t\t\t\t\t<div class=\"e-con-inner\">\n\t\t<div class=\"elementor-element elementor-element-1af22ad e-con-full e-flex e-con e-child\" data-id=\"1af22ad\" data-element_type=\"container\" data-settings=\"{&quot;background_background&quot;:&quot;classic&quot;}\">\n\t\t\t\t<div class=\"elementor-element elementor-element-8a8587e elementor-widget elementor-widget-image\" data-id=\"8a8587e\" data-element_type=\"widget\" data-widget_type=\"image.default\">\n\t\t\t\t\t\t\t\t\t\t\t\t\t\t\t<img fetchpriority=\"high\" decoding=\"async\" width=\"384\" height=\"779\" src=\"https:\/\/lunoragourmet.hu\/wp-content\/uploads\/2026\/02\/Lunora-Noir-coffee.png\" class=\"attachment-large size-large wp-image-1130\" alt=\"lunora noir\" srcset=\"https:\/\/lunoragourmet.hu\/wp-content\/uploads\/2026\/02\/Lunora-Noir-coffee.png 384w, https:\/\/lunoragourmet.hu\/wp-content\/uploads\/2026\/02\/Lunora-Noir-coffee-148x300.png 148w, https:\/\/lunoragourmet.hu\/wp-content\/uploads\/2026\/02\/Lunora-Noir-coffee-6x12.png 6w\" sizes=\"(max-width: 384px) 100vw, 384px\" \/>\t\t\t\t\t\t\t\t\t\t\t\t\t\t\t<\/div>\n\t\t\t\t<\/div>\n\t\t\t\t\t<\/div>\n\t\t\t\t<\/div>\n\t\t\t\t<\/div>","protected":false},"excerpt":{"rendered":"<p>LUNORA NOIR &#8211; Premium Coffee Blend A LUNORA NOIR egy kiegyens\u00falyozott, karakteres k\u00e1v\u00e9kever\u00e9k, amelyet azoknak alkottunk meg, akik a klasszikus, telt \u00edzvil\u00e1got keresik kompromisszumok n\u00e9lk\u00fcl. A blend alapj\u00e1t 80% brazil arabica adja, amely term\u00e9szetes csokol\u00e1d\u00e9s \u00e9s mogyor\u00f3s jegyekkel, selymes testtel j\u00e1rul hozz\u00e1 a k\u00e1v\u00e9 karakter\u00e9hez. Ezt eg\u00e9sz\u00edti ki 20% ugandai robusta, amely m\u00e9lys\u00e9get, er\u0151t \u00e9s [&hellip;]<\/p>","protected":false},"author":1,"featured_media":0,"parent":0,"menu_order":0,"comment_status":"closed","ping_status":"closed","template":"","meta":{"footnotes":""},"class_list":["post-1128","page","type-page","status-publish","hentry","entry"],"_links":{"self":[{"href":"https:\/\/lunoragourmet.hu\/en\/wp-json\/wp\/v2\/pages\/1128","targetHints":{"allow":["GET"]}}],"collection":[{"href":"https:\/\/lunoragourmet.hu\/en\/wp-json\/wp\/v2\/pages"}],"about":[{"href":"https:\/\/lunoragourmet.hu\/en\/wp-json\/wp\/v2\/types\/page"}],"author":[{"embeddable":true,"href":"https:\/\/lunoragourmet.hu\/en\/wp-json\/wp\/v2\/users\/1"}],"replies":[{"embeddable":true,"href":"https:\/\/lunoragourmet.hu\/en\/wp-json\/wp\/v2\/comments?post=1128"}],"version-history":[{"count":9,"href":"https:\/\/lunoragourmet.hu\/en\/wp-json\/wp\/v2\/pages\/1128\/revisions"}],"predecessor-version":[{"id":1154,"href":"https:\/\/lunoragourmet.hu\/en\/wp-json\/wp\/v2\/pages\/1128\/revisions\/1154"}],"wp:attachment":[{"href":"https:\/\/lunoragourmet.hu\/en\/wp-json\/wp\/v2\/media?parent=1128"}],"curies":[{"name":"wp","href":"https:\/\/api.w.org\/{rel}","templated":true}]}}